{"id":631,"date":"2013-05-26T12:06:44","date_gmt":"2013-05-26T12:06:44","guid":{"rendered":"http:\/\/www.eduazadory.net\/cms\/?page_id=631"},"modified":"2023-04-18T23:07:12","modified_gmt":"2023-04-18T23:07:12","slug":"workshop","status":"publish","type":"page","link":"http:\/\/www.eduazadory.com\/cms\/workshop\/","title":{"rendered":"Workshop"},"content":{"rendered":"<p><!--:de-->&nbsp;<\/p>\n<p><span style=\"color: #000;\"><a href=\"http:\/\/www.eduazadory.com\/cms\/wp-content\/uploads\/edua_studio.jpg\"><img loading=\"lazy\" decoding=\"async\" class=\"alignleft size-medium wp-image-642\" src=\"http:\/\/www.eduazadory.com\/cms\/wp-content\/uploads\/edua_studio-300x231.jpg\" alt=\"edua_studio\" width=\"300\" height=\"231\" srcset=\"http:\/\/www.eduazadory.com\/cms\/wp-content\/uploads\/edua_studio-300x231.jpg 300w, http:\/\/www.eduazadory.com\/cms\/wp-content\/uploads\/edua_studio.jpg 400w\" sizes=\"auto, (max-width: 300px) 100vw, 300px\" \/><\/a><a href=\"#Anmeldeformular\">\u00bb Anmeldeformular<\/a><\/span><\/p>\n<p><span style=\"color: #000;\">Musik und Violine auf dem h\u00f6chsten Level anzustreben ist f\u00fcr jeden ein wundersch\u00f6nes Ziel. Das hat mich dazu bewegt, dass ich Violine auf dem h\u00f6chsten Niveau unterrichte. Wenn man als Kind selber das Gl\u00fcck hat, bei gro\u00dfen Meistern studieren zu k\u00f6nnen, m\u00f6chte man das einfach weitergeben. Ich habe in Ungarn, in der Schweiz und schlie\u00dflich in Wien studiert. Jene drei unterschiedlichen Schulen machen eine ganz spannende Mischung aus. Dieser Bereich ist riesig wie eine Landkarte. Eine st\u00e4ndige Reise und st\u00e4ndiges Lernen. \u00dcber unsere F\u00e4higkeiten, \u00fcber uns selbst, was wir genau wollen, wo wir genau hinwollen. Musik hilft uns differenziert zu denken und uns gleichzeitig auf mehrere Sachen zu konzentrieren. Es erlaubt uns auch, eine andere Welt kennen zu lernen.<\/span><\/p>\n<p><span style=\"color: #000;\">Ich habe als Karenzvertretung an der Kunstuniversit\u00e4t Graz im Jahr 2011 unterrichtet. Im folgenden Jahr wurde ich nach Jerusalem als Gastprofessorin am Al-Quds University College of Music eingeladen. Seit 2013 biete ich in meinem Studio Unterricht und Workshops f\u00fcr junge Geiger und Musikliebhaber jeden Alters an.<br \/>\nDer Schwerpunkt liegt auf intensiver Vorbereitung f\u00fcr Wettbewerbe sowie f\u00fcr Aufnahmepr\u00fcfungen, Erarbeitung verschiedener Recitalprogramme und individuellem Coaching f\u00fcr alle Herausforderungen einer Geigerlaufbahn. <\/span><\/p>\n<p><span style=\"color: #000;\">Der Unterricht findet auf Deutsch, Franz\u00f6sisch, Englisch oder Ungarisch statt.<br \/>\nAdresse: Strohgasse 20\/2, 1030 Wien.<a name=\"Anmeldeformular\"><\/a> <\/span><\/p>\n<h2>Anmeldeformular<\/h2>\n<p>\n<div class=\"wpcf7 no-js\" id=\"wpcf7-f1196-o1\" lang=\"en-US\" dir=\"ltr\" data-wpcf7-id=\"1196\">\n<div class=\"screen-reader-response\"><p role=\"status\" aria-live=\"polite\" aria-atomic=\"true\"><\/p> <ul><\/ul><\/div>\n<form action=\"\/cms\/wp-json\/wp\/v2\/pages\/631#wpcf7-f1196-o1\" method=\"post\" class=\"wpcf7-form init\" aria-label=\"Contact form\" novalidate=\"novalidate\" data-status=\"init\">\n<fieldset class=\"hidden-fields-container\"><input type=\"hidden\" name=\"_wpcf7\" value=\"1196\" \/><input type=\"hidden\" name=\"_wpcf7_version\" value=\"6.1.5\" \/><input type=\"hidden\" name=\"_wpcf7_locale\" value=\"en_US\" \/><input type=\"hidden\" name=\"_wpcf7_unit_tag\" value=\"wpcf7-f1196-o1\" \/><input type=\"hidden\" name=\"_wpcf7_container_post\" value=\"0\" \/><input type=\"hidden\" name=\"_wpcf7_posted_data_hash\" value=\"\" \/>\n<\/fieldset>\n<p>Name\n<\/p>\n<p><span class=\"wpcf7-form-control-wrap\" data-name=\"your-name\"><input size=\"40\" maxlength=\"400\" class=\"wpcf7-form-control wpcf7-text wpcf7-validates-as-required\" aria-required=\"true\" aria-invalid=\"false\" value=\"\" type=\"text\" name=\"your-name\" \/><\/span>\n<\/p>\n<p>Email-Adresse\n<\/p>\n<p><span class=\"wpcf7-form-control-wrap\" data-name=\"your-email\"><input size=\"40\" maxlength=\"400\" class=\"wpcf7-form-control wpcf7-email wpcf7-validates-as-required wpcf7-text wpcf7-validates-as-email\" aria-required=\"true\" aria-invalid=\"false\" value=\"\" type=\"email\" name=\"your-email\" \/><\/span>\n<\/p>\n<p>Betreff\n<\/p>\n<p><span class=\"wpcf7-form-control-wrap\" data-name=\"your-subject\"><input size=\"40\" maxlength=\"400\" class=\"wpcf7-form-control wpcf7-text\" aria-invalid=\"false\" value=\"\" type=\"text\" name=\"your-subject\" \/><\/span>\n<\/p>\n<p>Ihre Nachricht\n<\/p>\n<p><span class=\"wpcf7-form-control-wrap\" data-name=\"your-message\"><textarea cols=\"40\" rows=\"10\" maxlength=\"2000\" class=\"wpcf7-form-control wpcf7-textarea\" aria-invalid=\"false\" name=\"your-message\"><\/textarea><\/span>\n<\/p>\n<p>Bitte geben Sie diese Zeichenfolge ein\n<\/p>\n<p><input type=\"hidden\" name=\"_wpcf7_captcha_challenge_captcha-456\" value=\"3593606847\" \/><img loading=\"lazy\" decoding=\"async\" class=\"wpcf7-form-control wpcf7-captchac wpcf7-captcha-captcha-456\" width=\"72\" height=\"24\" alt=\"captcha\" src=\"http:\/\/www.eduazadory.com\/cms\/wp-content\/uploads\/wpcf7_captcha\/3593606847.png\" \/>\n<\/p>\n<p><span class=\"wpcf7-form-control-wrap\" data-name=\"captcha-456\"><input size=\"40\" class=\"wpcf7-form-control wpcf7-captchar\" autocomplete=\"off\" aria-invalid=\"false\" value=\"\" type=\"text\" name=\"captcha-456\" \/><\/span>\n<\/p>\n<p><input class=\"wpcf7-form-control wpcf7-submit has-spinner\" type=\"submit\" value=\"Senden\" \/>\n<\/p><div class=\"wpcf7-response-output\" aria-hidden=\"true\"><\/div>\n<\/form>\n<\/div>\n<!--:--><!--:en-->&nbsp;<\/p>\n<p><!--:--><\/p>\n","protected":false},"excerpt":{"rendered":"<p>&nbsp; \u00bb Anmeldeformular Musik und Violine auf dem h\u00f6chsten Level anzustreben ist f\u00fcr jeden ein wundersch\u00f6nes Ziel. Das hat mich dazu bewegt, dass ich Violine auf dem h\u00f6chsten Niveau unterrichte. Wenn man als Kind selber das Gl\u00fcck hat, bei gro\u00dfen Meistern studieren zu k\u00f6nnen, m\u00f6chte man das einfach weitergeben. Ich habe in Ungarn, in der Schweiz und schlie\u00dflich in Wien studiert. Jene drei unterschiedlichen Schulen machen eine ganz spannende Mischung aus. Dieser Bereich ist riesig wie eine Landkarte. Eine st\u00e4ndige Reise und st\u00e4ndiges Lernen. \u00dcber unsere F\u00e4higkeiten, \u00fcber uns selbst, was wir genau wollen, wo wir genau hinwollen. Musik hilft uns differenziert zu denken und uns gleichzeitig auf mehrere Sachen zu konzentrieren. Es erlaubt uns auch, eine andere Welt kennen zu lernen. Ich habe als Karenzvertretung an der Kunstuniversit\u00e4t Graz im Jahr 2011 unterrichtet. Im folgenden Jahr wurde ich nach Jerusalem als Gastprofessorin am Al-Quds University College of Music eingeladen. Seit 2013 biete ich in meinem Studio Unterricht und Workshops f\u00fcr junge Geiger und Musikliebhaber jeden Alters an. Der Schwerpunkt liegt auf intensiver Vorbereitung f\u00fcr Wettbewerbe sowie f\u00fcr Aufnahmepr\u00fcfungen, Erarbeitung verschiedener Recitalprogramme und individuellem Coaching f\u00fcr alle Herausforderungen einer Geigerlaufbahn. Der Unterricht findet auf Deutsch, Franz\u00f6sisch, Englisch oder Ungarisch statt. Adresse: Strohgasse 20\/2, 1030 Wien. Anmeldeformular &nbsp;<\/p>\n","protected":false},"author":1,"featured_media":0,"parent":0,"menu_order":30,"comment_status":"closed","ping_status":"closed","template":"","meta":{"ngg_post_thumbnail":0,"footnotes":""},"class_list":["post-631","page","type-page","status-publish","hentry"],"_links":{"self":[{"href":"http:\/\/www.eduazadory.com\/cms\/wp-json\/wp\/v2\/pages\/631","targetHints":{"allow":["GET"]}}],"collection":[{"href":"http:\/\/www.eduazadory.com\/cms\/wp-json\/wp\/v2\/pages"}],"about":[{"href":"http:\/\/www.eduazadory.com\/cms\/wp-json\/wp\/v2\/types\/page"}],"author":[{"embeddable":true,"href":"http:\/\/www.eduazadory.com\/cms\/wp-json\/wp\/v2\/users\/1"}],"replies":[{"embeddable":true,"href":"http:\/\/www.eduazadory.com\/cms\/wp-json\/wp\/v2\/comments?post=631"}],"version-history":[{"count":21,"href":"http:\/\/www.eduazadory.com\/cms\/wp-json\/wp\/v2\/pages\/631\/revisions"}],"predecessor-version":[{"id":1840,"href":"http:\/\/www.eduazadory.com\/cms\/wp-json\/wp\/v2\/pages\/631\/revisions\/1840"}],"wp:attachment":[{"href":"http:\/\/www.eduazadory.com\/cms\/wp-json\/wp\/v2\/media?parent=631"}],"curies":[{"name":"wp","href":"https:\/\/api.w.org\/{rel}","templated":true}]}}