{"id":2205,"date":"2023-08-27T17:56:50","date_gmt":"2023-08-27T17:56:50","guid":{"rendered":"https:\/\/www.eduazadory.com\/cms\/?page_id=2205"},"modified":"2024-04-23T16:19:54","modified_gmt":"2024-04-23T16:19:54","slug":"crossover","status":"publish","type":"page","link":"https:\/\/www.eduazadory.com\/cms\/crossover\/","title":{"rendered":"Crossover"},"content":{"rendered":"\n<div class=\"wp-block-columns is-layout-flex wp-container-2\">\n<div class=\"wp-block-column is-layout-flow\">\n<p><a href=\"https:\/\/www.eduazadory.com\/\">&lt;&lt; Back to Home<\/a><\/p>\n<\/div>\n<\/div>\n\n\n\n<div class=\"wp-block-columns is-layout-flex wp-container-4\">\n<div class=\"wp-block-column is-layout-flow\">\n<div class=\"wp-block-cover is-light\" style=\"min-height:562px\"><span aria-hidden=\"true\" class=\"wp-block-cover__background has-background-dim-0 has-background-dim\"><\/span><img decoding=\"async\" loading=\"lazy\" width=\"1024\" height=\"683\" class=\"wp-block-cover__image-background wp-image-2197\" alt=\"\" src=\"http:\/\/www.eduazadory.com\/cms\/wp-content\/uploads\/DSC8130_web-1024x683.jpg\" data-object-fit=\"cover\" srcset=\"https:\/\/www.eduazadory.com\/cms\/wp-content\/uploads\/DSC8130_web-1024x683.jpg 1024w, https:\/\/www.eduazadory.com\/cms\/wp-content\/uploads\/DSC8130_web-300x200.jpg 300w, https:\/\/www.eduazadory.com\/cms\/wp-content\/uploads\/DSC8130_web-768x512.jpg 768w, https:\/\/www.eduazadory.com\/cms\/wp-content\/uploads\/DSC8130_web-1536x1024.jpg 1536w, https:\/\/www.eduazadory.com\/cms\/wp-content\/uploads\/DSC8130_web-2048x1365.jpg 2048w, https:\/\/www.eduazadory.com\/cms\/wp-content\/uploads\/DSC8130_web-1140x760.jpg 1140w\" sizes=\"(max-width: 1024px) 100vw, 1024px\" \/><div class=\"wp-block-cover__inner-container\">\n<p class=\"has-text-align-center has-large-font-size\"><\/p>\n<\/div><\/div>\n<\/div>\n<\/div>\n\n\n\n<div style=\"height:60px\" aria-hidden=\"true\" class=\"wp-block-spacer\"><\/div>\n\n\n\n<div class=\"wp-block-columns is-layout-flex wp-container-8\">\n<div class=\"wp-block-column is-layout-flow\">\n<figure class=\"wp-block-image size-large\"><img decoding=\"async\" loading=\"lazy\" width=\"1024\" height=\"683\" src=\"http:\/\/www.eduazadory.com\/cms\/wp-content\/uploads\/DSCF0059-1024x683.jpg\" alt=\"\" class=\"wp-image-2215\" srcset=\"https:\/\/www.eduazadory.com\/cms\/wp-content\/uploads\/DSCF0059-1024x683.jpg 1024w, https:\/\/www.eduazadory.com\/cms\/wp-content\/uploads\/DSCF0059-300x200.jpg 300w, https:\/\/www.eduazadory.com\/cms\/wp-content\/uploads\/DSCF0059-768x512.jpg 768w, https:\/\/www.eduazadory.com\/cms\/wp-content\/uploads\/DSCF0059-1536x1024.jpg 1536w, https:\/\/www.eduazadory.com\/cms\/wp-content\/uploads\/DSCF0059-2048x1365.jpg 2048w, https:\/\/www.eduazadory.com\/cms\/wp-content\/uploads\/DSCF0059-1140x760.jpg 1140w\" sizes=\"(max-width: 1024px) 100vw, 1024px\" \/><\/figure>\n\n\n\n<p class=\"has-text-align-center has-small-font-size\">With dancers : Olga Megyeri &amp; Raul de Marr<\/p>\n<\/div>\n\n\n\n<div class=\"wp-block-column is-layout-flow\">\n<figure class=\"wp-block-image size-large\"><img decoding=\"async\" loading=\"lazy\" width=\"1024\" height=\"683\" src=\"http:\/\/www.eduazadory.com\/cms\/wp-content\/uploads\/DSCF0155-1024x683.jpg\" alt=\"\" class=\"wp-image-2209\" srcset=\"https:\/\/www.eduazadory.com\/cms\/wp-content\/uploads\/DSCF0155-1024x683.jpg 1024w, https:\/\/www.eduazadory.com\/cms\/wp-content\/uploads\/DSCF0155-300x200.jpg 300w, https:\/\/www.eduazadory.com\/cms\/wp-content\/uploads\/DSCF0155-768x512.jpg 768w, https:\/\/www.eduazadory.com\/cms\/wp-content\/uploads\/DSCF0155-1536x1024.jpg 1536w, https:\/\/www.eduazadory.com\/cms\/wp-content\/uploads\/DSCF0155-2048x1365.jpg 2048w, https:\/\/www.eduazadory.com\/cms\/wp-content\/uploads\/DSCF0155-1140x760.jpg 1140w\" sizes=\"(max-width: 1024px) 100vw, 1024px\" \/><\/figure>\n\n\n\n<p class=\"has-text-align-center has-small-font-size\">Violin &amp; piano + singer (with Hern\u00e1n Quintela)<\/p>\n<\/div>\n\n\n\n<div class=\"wp-block-column is-layout-flow\">\n<figure class=\"wp-block-image size-large\"><img decoding=\"async\" loading=\"lazy\" width=\"1024\" height=\"683\" src=\"http:\/\/www.eduazadory.com\/cms\/wp-content\/uploads\/DSCF0162-1024x683.jpg\" alt=\"\" class=\"wp-image-2217\" srcset=\"https:\/\/www.eduazadory.com\/cms\/wp-content\/uploads\/DSCF0162-1024x683.jpg 1024w, https:\/\/www.eduazadory.com\/cms\/wp-content\/uploads\/DSCF0162-300x200.jpg 300w, https:\/\/www.eduazadory.com\/cms\/wp-content\/uploads\/DSCF0162-768x512.jpg 768w, https:\/\/www.eduazadory.com\/cms\/wp-content\/uploads\/DSCF0162-1536x1024.jpg 1536w, https:\/\/www.eduazadory.com\/cms\/wp-content\/uploads\/DSCF0162-2048x1365.jpg 2048w, https:\/\/www.eduazadory.com\/cms\/wp-content\/uploads\/DSCF0162-1140x760.jpg 1140w\" sizes=\"(max-width: 1024px) 100vw, 1024px\" \/><\/figure>\n\n\n\n<p class=\"has-text-align-center has-small-font-size\">Violin &amp; piano + singer (with Hern\u00e1n Quintela)<\/p>\n<\/div>\n<\/div>\n\n\n\n<div style=\"height:30px\" aria-hidden=\"true\" class=\"wp-block-spacer\"><\/div>\n\n\n\n<div class=\"wp-block-columns is-layout-flex wp-container-10\">\n<div class=\"wp-block-column is-layout-flow\">\n<h3 class=\"wp-block-heading has-text-align-center\">Danza de Palabras<\/h3>\n\n\n<div class=\"wp-block-image\">\n<figure class=\"aligncenter size-large is-resized\"><img decoding=\"async\" loading=\"lazy\" src=\"http:\/\/www.eduazadory.com\/cms\/wp-content\/uploads\/danza-de-palabras-1024x683.jpg\" alt=\"\" class=\"wp-image-2388\" width=\"512\" height=\"342\" srcset=\"https:\/\/www.eduazadory.com\/cms\/wp-content\/uploads\/danza-de-palabras-1024x683.jpg 1024w, https:\/\/www.eduazadory.com\/cms\/wp-content\/uploads\/danza-de-palabras-300x200.jpg 300w, https:\/\/www.eduazadory.com\/cms\/wp-content\/uploads\/danza-de-palabras-768x512.jpg 768w, https:\/\/www.eduazadory.com\/cms\/wp-content\/uploads\/danza-de-palabras-1536x1024.jpg 1536w, https:\/\/www.eduazadory.com\/cms\/wp-content\/uploads\/danza-de-palabras-2048x1365.jpg 2048w, https:\/\/www.eduazadory.com\/cms\/wp-content\/uploads\/danza-de-palabras-1140x760.jpg 1140w\" sizes=\"(max-width: 512px) 100vw, 512px\" \/><\/figure><\/div>\n\n\n<p class=\"has-text-align-center\"><a href=\"https:\/\/www.eduazadory.com\/cms\/news\/danza-de-palabras\/\">Un paseo ecl\u00e9ctico a trav\u00e9s de la m\u00fasica y la danza<\/a><\/p>\n<\/div>\n<\/div>\n\n\n\n<div style=\"height:30px\" aria-hidden=\"true\" class=\"wp-block-spacer\"><\/div>\n\n\n\n<div class=\"wp-block-columns alignwide are-vertically-aligned-top is-layout-flex wp-container-13\">\n<div class=\"wp-block-column is-layout-flow\" style=\"flex-basis:49%\">\n<figure class=\"wp-block-image\"><img decoding=\"async\" loading=\"lazy\" width=\"1024\" height=\"683\" src=\"https:\/\/www.eduazadory.com\/cms\/wp-content\/uploads\/1693215613746-1024x683.jpg\" alt=\"\" class=\"wp-image-2218\" srcset=\"https:\/\/www.eduazadory.com\/cms\/wp-content\/uploads\/1693215613746-1024x683.jpg 1024w, https:\/\/www.eduazadory.com\/cms\/wp-content\/uploads\/1693215613746-300x200.jpg 300w, https:\/\/www.eduazadory.com\/cms\/wp-content\/uploads\/1693215613746-768x512.jpg 768w, https:\/\/www.eduazadory.com\/cms\/wp-content\/uploads\/1693215613746-1140x760.jpg 1140w, https:\/\/www.eduazadory.com\/cms\/wp-content\/uploads\/1693215613746.jpg 1440w\" sizes=\"(max-width: 1024px) 100vw, 1024px\" \/><\/figure>\n\n\n\n<p class=\"has-text-align-center has-small-font-size\">Piazzolla the Four Seasons  of Buenos Aires with Sinergia chamber orchestra<\/p>\n<\/div>\n\n\n\n<div class=\"wp-block-column is-layout-flow\" style=\"flex-basis:51%\">\n<p>I&#8217;m honored to get the chance work with Sa\u00fal Cosentino &#8211; was a close friend of Piazzolla -in Buenos Aires. There  is nothing better then receive instructions directly by the composer.<\/p>\n\n\n\n<p><strong>Crossover:&nbsp;<\/strong><em>Tango, pop, folk, film, dance <\/em>(Piazzolla, Gardel, Quintela, Cohen, Lennon, Cosentino)<\/p>\n\n\n\n<ul>\n<li>Soloist with orchestra (Piazzolla, Quintela)<\/li>\n\n\n\n<li>Chamber music (duo with piano, string quartet, duo with piano and singer)<\/li>\n\n\n\n<li>Solo Violin (Piazzolla, hungarian folkmusic)<\/li>\n<\/ul>\n<\/div>\n<\/div>\n\n\n\n<figure class=\"wp-block-video aligncenter\"><video controls src=\"https:\/\/www.eduazadory.com\/cms\/wp-content\/uploads\/Video-de-WhatsApp-2024-04-23-a-las-12.44.38_954f174b.mp4\"><\/video><figcaption class=\"wp-element-caption\">Saul Cosentino &#8211; Poemas a la calle<\/figcaption><\/figure>\n\n\n\n<div style=\"height:35px\" aria-hidden=\"true\" class=\"wp-block-spacer\"><\/div>\n\n\n\n<figure class=\"wp-block-embed is-type-video is-provider-youtube wp-block-embed-youtube wp-embed-aspect-16-9 wp-has-aspect-ratio\"><div class=\"wp-block-embed__wrapper\">\n<iframe loading=\"lazy\" title=\"Imagine - Hallelujah \/ Z\u00e1dory-Quintela\" width=\"960\" height=\"540\" src=\"https:\/\/www.youtube.com\/embed\/zSMJKgBZSYU?feature=oembed\" frameborder=\"0\" allow=\"accelerometer; autoplay; clipboard-write; encrypted-media; gyroscope; picture-in-picture; web-share\" referrerpolicy=\"strict-origin-when-cross-origin\" allowfullscreen><\/iframe>\n<\/div><figcaption class=\"wp-element-caption\">Imagine &#8211; Hallelujah \/ Z\u00e1dory-Quintela<\/figcaption><\/figure>\n\n\n\n<div style=\"height:35px\" aria-hidden=\"true\" class=\"wp-block-spacer\"><\/div>\n\n\n\n<figure class=\"wp-block-embed is-type-video is-provider-youtube wp-block-embed-youtube wp-embed-aspect-16-9 wp-has-aspect-ratio\"><div class=\"wp-block-embed__wrapper\">\n<iframe loading=\"lazy\" title=\"Cuarteto Z\u00e1dory - Hern\u00e1n Quintela - UMA\" width=\"960\" height=\"540\" src=\"https:\/\/www.youtube.com\/embed\/SlCc2_W07bg?feature=oembed\" frameborder=\"0\" allow=\"accelerometer; autoplay; clipboard-write; encrypted-media; gyroscope; picture-in-picture; web-share\" referrerpolicy=\"strict-origin-when-cross-origin\" allowfullscreen><\/iframe>\n<\/div><figcaption class=\"wp-element-caption\">String quartet with singer<\/figcaption><\/figure>\n\n\n\n<div style=\"height:35px\" aria-hidden=\"true\" class=\"wp-block-spacer\"><\/div>\n\n\n\n<figure class=\"wp-block-embed is-type-video is-provider-youtube wp-block-embed-youtube wp-embed-aspect-16-9 wp-has-aspect-ratio\"><div class=\"wp-block-embed__wrapper\">\n<iframe loading=\"lazy\" title=\"Pandemonium - Sa\u00fal Cosentino played by Trio Z\u00e1dory\" width=\"960\" height=\"540\" src=\"https:\/\/www.youtube.com\/embed\/QLIizIThz0M?feature=oembed\" frameborder=\"0\" allow=\"accelerometer; autoplay; clipboard-write; encrypted-media; gyroscope; picture-in-picture; web-share\" referrerpolicy=\"strict-origin-when-cross-origin\" allowfullscreen><\/iframe>\n<\/div><figcaption class=\"wp-element-caption\">Piano trio<\/figcaption><\/figure>\n\n\n\n<div style=\"height:35px\" aria-hidden=\"true\" class=\"wp-block-spacer\"><\/div>\n\n\n\n<figure class=\"wp-block-embed is-type-video is-provider-youtube wp-block-embed-youtube wp-embed-aspect-16-9 wp-has-aspect-ratio\"><div class=\"wp-block-embed__wrapper\">\n<iframe loading=\"lazy\" title=\"Astor Piazzolla - Primavera Porte\u00f1a (Orquesta Sinergia+\u00c9dua Z\u00e1dory+Adri\u00e1n Ruggiero)\" width=\"960\" height=\"540\" src=\"https:\/\/www.youtube.com\/embed\/Y4PC3O_xCAw?feature=oembed\" frameborder=\"0\" allow=\"accelerometer; autoplay; clipboard-write; encrypted-media; gyroscope; picture-in-picture; web-share\" referrerpolicy=\"strict-origin-when-cross-origin\" allowfullscreen><\/iframe>\n<\/div><figcaption class=\"wp-element-caption\">Soloist with orchestra<\/figcaption><\/figure>\n","protected":false},"excerpt":{"rendered":"<p>&lt;&lt; Back to Home With dancers : Olga Megyeri &amp; Raul de Marr Violin &amp; piano + singer (with Hern\u00e1n Quintela) Violin &amp; piano + singer (with Hern\u00e1n Quintela) Danza de Palabras Un paseo ecl\u00e9ctico a trav\u00e9s de la m\u00fasica y la danza Piazzolla the Four Seasons of Buenos Aires with Sinergia chamber orchestra I&#8217;m honored to get the chance work with Sa\u00fal Cosentino &#8211; was a close friend of Piazzolla -in Buenos Aires. There is nothing better then receive instructions directly by the composer. Crossover:&nbsp;Tango, pop, folk, film, dance (Piazzolla, Gardel, Quintela, Cohen, Lennon, Cosentino)<\/p>\n","protected":false},"author":1,"featured_media":0,"parent":0,"menu_order":0,"comment_status":"closed","ping_status":"closed","template":"","meta":{"ngg_post_thumbnail":0},"_links":{"self":[{"href":"https:\/\/www.eduazadory.com\/cms\/wp-json\/wp\/v2\/pages\/2205"}],"collection":[{"href":"https:\/\/www.eduazadory.com\/cms\/wp-json\/wp\/v2\/pages"}],"about":[{"href":"https:\/\/www.eduazadory.com\/cms\/wp-json\/wp\/v2\/types\/page"}],"author":[{"embeddable":true,"href":"https:\/\/www.eduazadory.com\/cms\/wp-json\/wp\/v2\/users\/1"}],"replies":[{"embeddable":true,"href":"https:\/\/www.eduazadory.com\/cms\/wp-json\/wp\/v2\/comments?post=2205"}],"version-history":[{"count":34,"href":"https:\/\/www.eduazadory.com\/cms\/wp-json\/wp\/v2\/pages\/2205\/revisions"}],"predecessor-version":[{"id":2574,"href":"https:\/\/www.eduazadory.com\/cms\/wp-json\/wp\/v2\/pages\/2205\/revisions\/2574"}],"wp:attachment":[{"href":"https:\/\/www.eduazadory.com\/cms\/wp-json\/wp\/v2\/media?parent=2205"}],"curies":[{"name":"wp","href":"https:\/\/api.w.org\/{rel}","templated":true}]}}