{"id":2223,"date":"2023-08-28T16:05:05","date_gmt":"2023-08-28T16:05:05","guid":{"rendered":"https:\/\/www.eduazadory.com\/cms\/?page_id=2223"},"modified":"2023-09-17T19:13:28","modified_gmt":"2023-09-17T19:13:28","slug":"classical","status":"publish","type":"page","link":"https:\/\/www.eduazadory.com\/cms\/classical\/","title":{"rendered":"Classical"},"content":{"rendered":"\n<div class=\"wp-block-columns is-layout-flex wp-container-core-columns-is-layout-9d6595d7 wp-block-columns-is-layout-flex\">\n<div class=\"wp-block-column is-layout-flow wp-block-column-is-layout-flow\">\n<p><a href=\"https:\/\/www.eduazadory.com\/\">&lt;&lt; Back to Home<\/a><\/p>\n<\/div>\n<\/div>\n\n\n\n<div class=\"wp-block-columns is-layout-flex wp-container-core-columns-is-layout-9d6595d7 wp-block-columns-is-layout-flex\">\n<div class=\"wp-block-column is-layout-flow wp-block-column-is-layout-flow\">\n<div class=\"wp-block-cover\" style=\"min-height:562px;aspect-ratio:unset;\"><span aria-hidden=\"true\" class=\"wp-block-cover__background has-background-dim-0 has-background-dim\"><\/span><img loading=\"lazy\" decoding=\"async\" width=\"2560\" height=\"1706\" class=\"wp-block-cover__image-background wp-image-2195\" alt=\"\" src=\"http:\/\/www.eduazadory.com\/cms\/wp-content\/uploads\/DSC8038_web-scaled.jpg\" data-object-fit=\"cover\" srcset=\"https:\/\/www.eduazadory.com\/cms\/wp-content\/uploads\/DSC8038_web-scaled.jpg 2560w, https:\/\/www.eduazadory.com\/cms\/wp-content\/uploads\/DSC8038_web-300x200.jpg 300w, https:\/\/www.eduazadory.com\/cms\/wp-content\/uploads\/DSC8038_web-1024x683.jpg 1024w, https:\/\/www.eduazadory.com\/cms\/wp-content\/uploads\/DSC8038_web-768x512.jpg 768w, https:\/\/www.eduazadory.com\/cms\/wp-content\/uploads\/DSC8038_web-1536x1024.jpg 1536w, https:\/\/www.eduazadory.com\/cms\/wp-content\/uploads\/DSC8038_web-2048x1365.jpg 2048w, https:\/\/www.eduazadory.com\/cms\/wp-content\/uploads\/DSC8038_web-1140x760.jpg 1140w\" sizes=\"auto, (max-width: 2560px) 100vw, 2560px\" \/><div class=\"wp-block-cover__inner-container is-layout-flow wp-block-cover-is-layout-flow\">\n<p class=\"has-text-align-center has-large-font-size\"><\/p>\n<\/div><\/div>\n<\/div>\n<\/div>\n\n\n\n<div style=\"height:60px\" aria-hidden=\"true\" class=\"wp-block-spacer\"><\/div>\n\n\n\n<div class=\"wp-block-columns is-layout-flex wp-container-core-columns-is-layout-9d6595d7 wp-block-columns-is-layout-flex\">\n<div class=\"wp-block-column is-layout-flow wp-block-column-is-layout-flow\">\n<figure class=\"wp-block-image size-large\"><img loading=\"lazy\" decoding=\"async\" width=\"1024\" height=\"683\" src=\"https:\/\/www.eduazadory.com\/cms\/wp-content\/uploads\/MG_0558-1024x683.jpg\" alt=\"\" class=\"wp-image-2235\" srcset=\"https:\/\/www.eduazadory.com\/cms\/wp-content\/uploads\/MG_0558-1024x683.jpg 1024w, https:\/\/www.eduazadory.com\/cms\/wp-content\/uploads\/MG_0558-300x200.jpg 300w, https:\/\/www.eduazadory.com\/cms\/wp-content\/uploads\/MG_0558-768x512.jpg 768w, https:\/\/www.eduazadory.com\/cms\/wp-content\/uploads\/MG_0558-1536x1024.jpg 1536w, https:\/\/www.eduazadory.com\/cms\/wp-content\/uploads\/MG_0558-2048x1365.jpg 2048w, https:\/\/www.eduazadory.com\/cms\/wp-content\/uploads\/MG_0558-1140x760.jpg 1140w\" sizes=\"auto, (max-width: 1024px) 100vw, 1024px\" \/><\/figure>\n\n\n\n<p class=\"has-text-align-center has-small-font-size\">Violin &#8211; Cello duo with Benjamin Baez<\/p>\n<\/div>\n\n\n\n<div class=\"wp-block-column is-layout-flow wp-block-column-is-layout-flow\">\n<figure class=\"wp-block-image size-large\"><img loading=\"lazy\" decoding=\"async\" width=\"1024\" height=\"681\" src=\"https:\/\/www.eduazadory.com\/cms\/wp-content\/uploads\/DSC07109-1024x681.jpg\" alt=\"\" class=\"wp-image-2236\" srcset=\"https:\/\/www.eduazadory.com\/cms\/wp-content\/uploads\/DSC07109-1024x681.jpg 1024w, https:\/\/www.eduazadory.com\/cms\/wp-content\/uploads\/DSC07109-300x199.jpg 300w, https:\/\/www.eduazadory.com\/cms\/wp-content\/uploads\/DSC07109-768x511.jpg 768w, https:\/\/www.eduazadory.com\/cms\/wp-content\/uploads\/DSC07109-1536x1021.jpg 1536w, https:\/\/www.eduazadory.com\/cms\/wp-content\/uploads\/DSC07109-2048x1362.jpg 2048w, https:\/\/www.eduazadory.com\/cms\/wp-content\/uploads\/DSC07109-1140x758.jpg 1140w\" sizes=\"auto, (max-width: 1024px) 100vw, 1024px\" \/><\/figure>\n\n\n\n<p class=\"has-text-align-center has-small-font-size\">Concert with Anastasia Dombrovska in Greece<\/p>\n<\/div>\n\n\n\n<div class=\"wp-block-column is-layout-flow wp-block-column-is-layout-flow\">\n<figure class=\"wp-block-image size-large\"><img loading=\"lazy\" decoding=\"async\" width=\"1024\" height=\"683\" src=\"https:\/\/www.eduazadory.com\/cms\/wp-content\/uploads\/DSC9269-1024x683.jpg\" alt=\"\" class=\"wp-image-2245\" srcset=\"https:\/\/www.eduazadory.com\/cms\/wp-content\/uploads\/DSC9269-1024x683.jpg 1024w, https:\/\/www.eduazadory.com\/cms\/wp-content\/uploads\/DSC9269-300x200.jpg 300w, https:\/\/www.eduazadory.com\/cms\/wp-content\/uploads\/DSC9269-768x512.jpg 768w, https:\/\/www.eduazadory.com\/cms\/wp-content\/uploads\/DSC9269-1536x1025.jpg 1536w, https:\/\/www.eduazadory.com\/cms\/wp-content\/uploads\/DSC9269-2048x1367.jpg 2048w, https:\/\/www.eduazadory.com\/cms\/wp-content\/uploads\/DSC9269-1140x761.jpg 1140w\" sizes=\"auto, (max-width: 1024px) 100vw, 1024px\" \/><\/figure>\n\n\n\n<p class=\"has-text-align-center has-small-font-size\">Chamber music: Violin and Piano, recital with Ricardo Donati<\/p>\n<\/div>\n<\/div>\n\n\n\n<div style=\"height:35px\" aria-hidden=\"true\" class=\"wp-block-spacer\"><\/div>\n\n\n\n<div class=\"wp-block-columns alignwide are-vertically-aligned-top is-layout-flex wp-container-core-columns-is-layout-9d6595d7 wp-block-columns-is-layout-flex\">\n<div class=\"wp-block-column is-layout-flow wp-block-column-is-layout-flow\" style=\"flex-basis:50%\">\n<figure class=\"wp-block-image size-large\"><img loading=\"lazy\" decoding=\"async\" width=\"1024\" height=\"683\" src=\"http:\/\/www.eduazadory.com\/cms\/wp-content\/uploads\/DSC9242-1024x683.jpg\" alt=\"\" class=\"wp-image-2229\" srcset=\"https:\/\/www.eduazadory.com\/cms\/wp-content\/uploads\/DSC9242-1024x683.jpg 1024w, https:\/\/www.eduazadory.com\/cms\/wp-content\/uploads\/DSC9242-300x200.jpg 300w, https:\/\/www.eduazadory.com\/cms\/wp-content\/uploads\/DSC9242-768x512.jpg 768w, https:\/\/www.eduazadory.com\/cms\/wp-content\/uploads\/DSC9242-1536x1025.jpg 1536w, https:\/\/www.eduazadory.com\/cms\/wp-content\/uploads\/DSC9242-2048x1367.jpg 2048w, https:\/\/www.eduazadory.com\/cms\/wp-content\/uploads\/DSC9242-1140x761.jpg 1140w\" sizes=\"auto, (max-width: 1024px) 100vw, 1024px\" \/><\/figure>\n\n\n\n<p class=\"has-text-align-center has-small-font-size\">Classical solo violin<\/p>\n<\/div>\n\n\n\n<div class=\"wp-block-column is-layout-flow wp-block-column-is-layout-flow\" style=\"flex-basis:50%\">\n<p><strong>Classical<\/strong>: <em>Bach to Bart\u00f3k<\/em><\/p>\n\n\n\n<ul class=\"wp-block-list\">\n<li><strong>Soloist with orchestra<\/strong>&nbsp;  (Bach,Vivaldi,Mozart,Sarasate,Bart\u00f3k)<\/li>\n<\/ul>\n\n\n\n<ul class=\"wp-block-list\">\n<li><strong>Chamber music<\/strong>&nbsp;(duo for violin &amp; piano, two violins, violin &amp; cello, piano trio, string trio, string quartet,&nbsp;piano quartet )<\/li>\n<\/ul>\n\n\n\n<ul class=\"wp-block-list\">\n<li><strong>Solo violin&nbsp;<\/strong>(repertory without piano)<br><\/li>\n<\/ul>\n<\/div>\n<\/div>\n\n\n\n<div class=\"wp-block-columns is-layout-flex wp-container-core-columns-is-layout-9d6595d7 wp-block-columns-is-layout-flex\">\n<div class=\"wp-block-column is-layout-flow wp-block-column-is-layout-flow\">\n<figure class=\"wp-block-image size-large\"><img loading=\"lazy\" decoding=\"async\" width=\"1024\" height=\"684\" src=\"http:\/\/www.eduazadory.com\/cms\/wp-content\/uploads\/DSC9473-1024x684.jpg\" alt=\"\" class=\"wp-image-2248\" srcset=\"https:\/\/www.eduazadory.com\/cms\/wp-content\/uploads\/DSC9473-1024x684.jpg 1024w, https:\/\/www.eduazadory.com\/cms\/wp-content\/uploads\/DSC9473-300x200.jpg 300w, https:\/\/www.eduazadory.com\/cms\/wp-content\/uploads\/DSC9473-768x513.jpg 768w, https:\/\/www.eduazadory.com\/cms\/wp-content\/uploads\/DSC9473-1536x1025.jpg 1536w, https:\/\/www.eduazadory.com\/cms\/wp-content\/uploads\/DSC9473-2048x1367.jpg 2048w, https:\/\/www.eduazadory.com\/cms\/wp-content\/uploads\/DSC9473-1140x761.jpg 1140w\" sizes=\"auto, (max-width: 1024px) 100vw, 1024px\" \/><\/figure>\n\n\n\n<p class=\"has-text-align-center has-small-font-size\">Vivaldi Four Seasons with Sinergia chamber orchestra in Buenos Aires<\/p>\n<\/div>\n\n\n\n<div class=\"wp-block-column is-layout-flow wp-block-column-is-layout-flow\"><\/div>\n<\/div>\n\n\n\n<div style=\"height:35px\" aria-hidden=\"true\" class=\"wp-block-spacer\"><\/div>\n\n\n\n<figure class=\"wp-block-embed is-type-video is-provider-youtube wp-block-embed-youtube wp-embed-aspect-16-9 wp-has-aspect-ratio\"><div class=\"wp-block-embed__wrapper\">\n<iframe loading=\"lazy\" title=\"Zadory plays M. de Falla danza espa\u00f1ola (la vida breve arranged by Fritz Kreisler)\" width=\"960\" height=\"540\" src=\"https:\/\/www.youtube.com\/embed\/CMF8bTG0dM8?feature=oembed\" frameborder=\"0\" allow=\"accelerometer; autoplay; clipboard-write; encrypted-media; gyroscope; picture-in-picture; web-share\" allowfullscreen><\/iframe>\n<\/div><figcaption class=\"wp-element-caption\">Chamber music, violin &amp; piano Duo<\/figcaption><\/figure>\n\n\n\n<div style=\"height:35px\" aria-hidden=\"true\" class=\"wp-block-spacer\"><\/div>\n\n\n\n<figure class=\"wp-block-embed is-type-video is-provider-youtube wp-block-embed-youtube wp-embed-aspect-16-9 wp-has-aspect-ratio\"><div class=\"wp-block-embed__wrapper\">\n<iframe loading=\"lazy\" title=\"Leh\u00e1r Vilja Lied &amp; Lied und Cs\u00e1rd\u00e1s (Mosser, Z\u00e1dory, Manahilova, Solowjowa)\" width=\"960\" height=\"540\" src=\"https:\/\/www.youtube.com\/embed\/fk294D-Gb-k?feature=oembed\" frameborder=\"0\" allow=\"accelerometer; autoplay; clipboard-write; encrypted-media; gyroscope; picture-in-picture; web-share\" allowfullscreen><\/iframe>\n<\/div><figcaption class=\"wp-element-caption\">Viennese Music<\/figcaption><\/figure>\n","protected":false},"excerpt":{"rendered":"<p>&lt;&lt; Back to Home Violin &#8211; Cello duo with Benjamin Baez Concert with Anastasia Dombrovska in Greece Chamber music: Violin and Piano, recital with Ricardo Donati Classical solo violin Classical: Bach to Bart\u00f3k Vivaldi Four Seasons with Sinergia chamber orchestra in Buenos Aires<\/p>\n","protected":false},"author":1,"featured_media":0,"parent":0,"menu_order":0,"comment_status":"closed","ping_status":"closed","template":"","meta":{"ngg_post_thumbnail":0,"footnotes":""},"class_list":["post-2223","page","type-page","status-publish","hentry"],"_links":{"self":[{"href":"https:\/\/www.eduazadory.com\/cms\/wp-json\/wp\/v2\/pages\/2223","targetHints":{"allow":["GET"]}}],"collection":[{"href":"https:\/\/www.eduazadory.com\/cms\/wp-json\/wp\/v2\/pages"}],"about":[{"href":"https:\/\/www.eduazadory.com\/cms\/wp-json\/wp\/v2\/types\/page"}],"author":[{"embeddable":true,"href":"https:\/\/www.eduazadory.com\/cms\/wp-json\/wp\/v2\/users\/1"}],"replies":[{"embeddable":true,"href":"https:\/\/www.eduazadory.com\/cms\/wp-json\/wp\/v2\/comments?post=2223"}],"version-history":[{"count":15,"href":"https:\/\/www.eduazadory.com\/cms\/wp-json\/wp\/v2\/pages\/2223\/revisions"}],"predecessor-version":[{"id":2431,"href":"https:\/\/www.eduazadory.com\/cms\/wp-json\/wp\/v2\/pages\/2223\/revisions\/2431"}],"wp:attachment":[{"href":"https:\/\/www.eduazadory.com\/cms\/wp-json\/wp\/v2\/media?parent=2223"}],"curies":[{"name":"wp","href":"https:\/\/api.w.org\/{rel}","templated":true}]}}