{"id":2225,"date":"2023-08-28T15:58:45","date_gmt":"2023-08-28T15:58:45","guid":{"rendered":"https:\/\/www.eduazadory.com\/cms\/?page_id=2225"},"modified":"2024-04-23T16:15:31","modified_gmt":"2024-04-23T16:15:31","slug":"contemporary","status":"publish","type":"page","link":"https:\/\/www.eduazadory.com\/cms\/contemporary\/","title":{"rendered":"Contemporary"},"content":{"rendered":"\n<div class=\"wp-block-columns is-layout-flex wp-container-2\">\n<div class=\"wp-block-column is-layout-flow\">\n<p><a href=\"https:\/\/www.eduazadory.com\/\">&lt;&lt; Back to Home<\/a><\/p>\n<\/div>\n<\/div>\n\n\n\n<div class=\"wp-block-columns is-layout-flex wp-container-4\">\n<div class=\"wp-block-column is-layout-flow\">\n<div class=\"wp-block-cover\" style=\"min-height:562px\"><span aria-hidden=\"true\" class=\"wp-block-cover__background has-background-dim-0 has-background-dim\"><\/span><img decoding=\"async\" loading=\"lazy\" width=\"2560\" height=\"1706\" class=\"wp-block-cover__image-background wp-image-2196\" alt=\"\" src=\"http:\/\/www.eduazadory.com\/cms\/wp-content\/uploads\/DSC7967_web-scaled.jpg\" data-object-fit=\"cover\" srcset=\"https:\/\/www.eduazadory.com\/cms\/wp-content\/uploads\/DSC7967_web-scaled.jpg 2560w, https:\/\/www.eduazadory.com\/cms\/wp-content\/uploads\/DSC7967_web-300x200.jpg 300w, https:\/\/www.eduazadory.com\/cms\/wp-content\/uploads\/DSC7967_web-1024x683.jpg 1024w, https:\/\/www.eduazadory.com\/cms\/wp-content\/uploads\/DSC7967_web-768x512.jpg 768w, https:\/\/www.eduazadory.com\/cms\/wp-content\/uploads\/DSC7967_web-1536x1024.jpg 1536w, https:\/\/www.eduazadory.com\/cms\/wp-content\/uploads\/DSC7967_web-2048x1365.jpg 2048w, https:\/\/www.eduazadory.com\/cms\/wp-content\/uploads\/DSC7967_web-1140x760.jpg 1140w\" sizes=\"(max-width: 2560px) 100vw, 2560px\" \/><div class=\"wp-block-cover__inner-container\">\n<p class=\"has-text-align-center has-large-font-size\"><\/p>\n<\/div><\/div>\n<\/div>\n<\/div>\n\n\n\n<div style=\"height:60px\" aria-hidden=\"true\" class=\"wp-block-spacer\"><\/div>\n\n\n\n<div class=\"wp-block-columns is-layout-flex wp-container-8\">\n<div class=\"wp-block-column is-layout-flow\">\n<figure class=\"wp-block-image size-large\"><img decoding=\"async\" loading=\"lazy\" width=\"1024\" height=\"682\" src=\"http:\/\/www.eduazadory.com\/cms\/wp-content\/uploads\/gb-1024x682.jpg\" alt=\"\" class=\"wp-image-2231\" srcset=\"https:\/\/www.eduazadory.com\/cms\/wp-content\/uploads\/gb-1024x682.jpg 1024w, https:\/\/www.eduazadory.com\/cms\/wp-content\/uploads\/gb-300x200.jpg 300w, https:\/\/www.eduazadory.com\/cms\/wp-content\/uploads\/gb-768x512.jpg 768w, https:\/\/www.eduazadory.com\/cms\/wp-content\/uploads\/gb-1536x1023.jpg 1536w, https:\/\/www.eduazadory.com\/cms\/wp-content\/uploads\/gb-2048x1364.jpg 2048w, https:\/\/www.eduazadory.com\/cms\/wp-content\/uploads\/gb-1140x759.jpg 1140w\" sizes=\"(max-width: 1024px) 100vw, 1024px\" \/><\/figure>\n\n\n\n<p class=\"has-text-align-center has-small-font-size\">Solo violin<\/p>\n<\/div>\n\n\n\n<div class=\"wp-block-column is-layout-flow\">\n<figure class=\"wp-block-image size-large\"><img decoding=\"async\" loading=\"lazy\" width=\"1024\" height=\"682\" src=\"http:\/\/www.eduazadory.com\/cms\/wp-content\/uploads\/ga-1024x682.jpg\" alt=\"\" class=\"wp-image-2230\" srcset=\"https:\/\/www.eduazadory.com\/cms\/wp-content\/uploads\/ga-1024x682.jpg 1024w, https:\/\/www.eduazadory.com\/cms\/wp-content\/uploads\/ga-300x200.jpg 300w, https:\/\/www.eduazadory.com\/cms\/wp-content\/uploads\/ga-768x512.jpg 768w, https:\/\/www.eduazadory.com\/cms\/wp-content\/uploads\/ga-1536x1023.jpg 1536w, https:\/\/www.eduazadory.com\/cms\/wp-content\/uploads\/ga-2048x1364.jpg 2048w, https:\/\/www.eduazadory.com\/cms\/wp-content\/uploads\/ga-1140x759.jpg 1140w\" sizes=\"(max-width: 1024px) 100vw, 1024px\" \/><\/figure>\n\n\n\n<p class=\"has-text-align-center has-small-font-size\">Solo violin<\/p>\n<\/div>\n\n\n\n<div class=\"wp-block-column is-layout-flow\">\n<figure class=\"wp-block-image size-large\"><img decoding=\"async\" loading=\"lazy\" width=\"1024\" height=\"683\" src=\"https:\/\/www.eduazadory.com\/cms\/wp-content\/uploads\/DSC9242-1024x683.jpg\" alt=\"\" class=\"wp-image-2229\" srcset=\"https:\/\/www.eduazadory.com\/cms\/wp-content\/uploads\/DSC9242-1024x683.jpg 1024w, https:\/\/www.eduazadory.com\/cms\/wp-content\/uploads\/DSC9242-300x200.jpg 300w, https:\/\/www.eduazadory.com\/cms\/wp-content\/uploads\/DSC9242-768x512.jpg 768w, https:\/\/www.eduazadory.com\/cms\/wp-content\/uploads\/DSC9242-1536x1025.jpg 1536w, https:\/\/www.eduazadory.com\/cms\/wp-content\/uploads\/DSC9242-2048x1367.jpg 2048w, https:\/\/www.eduazadory.com\/cms\/wp-content\/uploads\/DSC9242-1140x761.jpg 1140w\" sizes=\"(max-width: 1024px) 100vw, 1024px\" \/><\/figure>\n\n\n\n<p class=\"has-text-align-center has-small-font-size\">Solo violin<\/p>\n<\/div>\n<\/div>\n\n\n\n<div style=\"height:35px\" aria-hidden=\"true\" class=\"wp-block-spacer\"><\/div>\n\n\n\n<div class=\"wp-block-columns alignwide are-vertically-aligned-top is-layout-flex wp-container-11\">\n<div class=\"wp-block-column is-layout-flow\" style=\"flex-basis:50%\">\n<figure class=\"wp-block-image\"><img decoding=\"async\" loading=\"lazy\" width=\"1024\" height=\"648\" src=\"https:\/\/www.eduazadory.com\/cms\/wp-content\/uploads\/Mit-Barbara-Auner-1024x648.jpg\" alt=\"\" class=\"wp-image-2232\" srcset=\"https:\/\/www.eduazadory.com\/cms\/wp-content\/uploads\/Mit-Barbara-Auner-1024x648.jpg 1024w, https:\/\/www.eduazadory.com\/cms\/wp-content\/uploads\/Mit-Barbara-Auner-300x190.jpg 300w, https:\/\/www.eduazadory.com\/cms\/wp-content\/uploads\/Mit-Barbara-Auner-768x486.jpg 768w, https:\/\/www.eduazadory.com\/cms\/wp-content\/uploads\/Mit-Barbara-Auner-1536x972.jpg 1536w, https:\/\/www.eduazadory.com\/cms\/wp-content\/uploads\/Mit-Barbara-Auner-1140x721.jpg 1140w, https:\/\/www.eduazadory.com\/cms\/wp-content\/uploads\/Mit-Barbara-Auner.jpg 2048w\" sizes=\"(max-width: 1024px) 100vw, 1024px\" \/><\/figure>\n\n\n\n<p class=\"has-text-align-center has-small-font-size\">Recording for the asociaci\u00f3n Argentina de compositores with the violin player Barbara de Menezes Galante &#8211; Auner<\/p>\n<\/div>\n\n\n\n<div class=\"wp-block-column is-layout-flow\" style=\"flex-basis:50%\">\n<p>I&#8217;m very much interested in contemporary repertory. It means to me to descover new music which has never been played before or put such a  great music pieces on the program that not often will be interpreted.<\/p>\n\n\n\n<p><strong>Contemporary:<\/strong> Living composers (Kurt\u00e1g, Videla, Charbonnier, Quintela, Doderer,Schnelzer, Dragostinov, ,Borenstein,Seloujanov, Sande etc&#8230;)<\/p>\n\n\n\n<ul>\n<li><strong>soloist with orchestra<\/strong> (world premieres ,Johanna Doderer, Mauricio Charbonnier,Selman Ada)<\/li>\n<\/ul>\n\n\n\n<ul>\n<li><strong>chamber music&nbsp;<\/strong>(Duo for violin &amp; piano, piano trio, quartet with piano)<\/li>\n<\/ul>\n\n\n\n<ul>\n<li><strong>solo violin<\/strong> (program also for exhibition,congress,ceremony)<\/li>\n<\/ul>\n<\/div>\n<\/div>\n\n\n\n<figure class=\"wp-block-video aligncenter\"><video controls src=\"https:\/\/www.eduazadory.com\/cms\/wp-content\/uploads\/Video-de-WhatsApp-2024-04-23-a-las-12.44.37_e62fa104.mp4\"><\/video><figcaption class=\"wp-element-caption\">Albert Schnelzer &#8211; Danza de Apollo<\/figcaption><\/figure>\n\n\n\n<div style=\"height:35px\" aria-hidden=\"true\" class=\"wp-block-spacer\"><\/div>\n\n\n\n<figure class=\"wp-block-embed is-type-video is-provider-youtube wp-block-embed-youtube wp-embed-aspect-16-9 wp-has-aspect-ratio\"><div class=\"wp-block-embed__wrapper\">\n<iframe loading=\"lazy\" title=\"\u00c9dua Z\u00e1dory plays &quot;CARD\u00d3N&quot; for solo violin &amp;  chajchas by Hern\u00e1n Quintela\" width=\"960\" height=\"540\" src=\"https:\/\/www.youtube.com\/embed\/Hum6rztmsjU?feature=oembed\" frameborder=\"0\" allow=\"accelerometer; autoplay; clipboard-write; encrypted-media; gyroscope; picture-in-picture; web-share\" referrerpolicy=\"strict-origin-when-cross-origin\" allowfullscreen><\/iframe>\n<\/div><figcaption class=\"wp-element-caption\">\u00c9dua Z\u00e1dory plays &#8220;CARD\u00d3N&#8221; for solo violin &amp; chajchas by Hern\u00e1n Quintela<\/figcaption><\/figure>\n\n\n\n<div style=\"height:35px\" aria-hidden=\"true\" class=\"wp-block-spacer\"><\/div>\n\n\n\n<figure class=\"wp-block-embed is-type-video is-provider-youtube wp-block-embed-youtube wp-embed-aspect-16-9 wp-has-aspect-ratio\"><div class=\"wp-block-embed__wrapper\">\n<iframe loading=\"lazy\" title=\"\u00c9dua Z\u00e1dory  plays &#039; Humanity&quot; violin concerto by Mauricio Charbonnier  I.movement\" width=\"960\" height=\"540\" src=\"https:\/\/www.youtube.com\/embed\/2s8tfNoIaBU?feature=oembed\" frameborder=\"0\" allow=\"accelerometer; autoplay; clipboard-write; encrypted-media; gyroscope; picture-in-picture; web-share\" referrerpolicy=\"strict-origin-when-cross-origin\" allowfullscreen><\/iframe>\n<\/div><figcaption class=\"wp-element-caption\">\u00c9dua Z\u00e1dory plays &#8216; Humanity&#8221; violin concerto by Mauricio Charbonnier I.movement<\/figcaption><\/figure>\n\n\n\n<div style=\"height:35px\" aria-hidden=\"true\" class=\"wp-block-spacer\"><\/div>\n\n\n\n<figure class=\"wp-block-embed is-type-video is-provider-youtube wp-block-embed-youtube wp-embed-aspect-16-9 wp-has-aspect-ratio\"><div class=\"wp-block-embed__wrapper\">\n<iframe loading=\"lazy\" title=\"\u00c9dua Z\u00e1dory plays &#039; Humanity&quot; violin concerto by Mauricio Charbonnier II.movement\" width=\"960\" height=\"540\" src=\"https:\/\/www.youtube.com\/embed\/dq3dv18ALeQ?feature=oembed\" frameborder=\"0\" allow=\"accelerometer; autoplay; clipboard-write; encrypted-media; gyroscope; picture-in-picture; web-share\" referrerpolicy=\"strict-origin-when-cross-origin\" allowfullscreen><\/iframe>\n<\/div><figcaption class=\"wp-element-caption\">\u00c9dua Z\u00e1dory plays &#8216; Humanity&#8221; violin concerto by Mauricio Charbonnier II.movement<\/figcaption><\/figure>\n\n\n\n<div style=\"height:35px\" aria-hidden=\"true\" class=\"wp-block-spacer\"><\/div>\n\n\n\n<figure class=\"wp-block-embed is-type-video is-provider-youtube wp-block-embed-youtube wp-embed-aspect-16-9 wp-has-aspect-ratio\"><div class=\"wp-block-embed__wrapper\">\n<iframe loading=\"lazy\" title=\"\u00c9dua Z\u00e1dory plays &#039; Humanity&quot; violin concerto by Mauricio Charbonnier III.movement\" width=\"960\" height=\"540\" src=\"https:\/\/www.youtube.com\/embed\/qe5wRGrb6FM?feature=oembed\" frameborder=\"0\" allow=\"accelerometer; autoplay; clipboard-write; encrypted-media; gyroscope; picture-in-picture; web-share\" referrerpolicy=\"strict-origin-when-cross-origin\" allowfullscreen><\/iframe>\n<\/div><figcaption class=\"wp-element-caption\">\u00c9dua Z\u00e1dory plays &#8216; Humanity&#8221; violin concerto by Mauricio Charbonnier III.movement<\/figcaption><\/figure>\n\n\n\n<div style=\"height:35px\" aria-hidden=\"true\" class=\"wp-block-spacer\"><\/div>\n\n\n\n<figure class=\"wp-block-embed aligncenter is-type-video is-provider-youtube wp-block-embed-youtube wp-embed-aspect-16-9 wp-has-aspect-ratio\"><div class=\"wp-block-embed__wrapper\">\n<iframe loading=\"lazy\" title=\"Prelude &amp; Fuge  E-D-U(t)A world premiere played by \u00c9dua Z\u00e1dory composed by Stephan Dragostinov\" width=\"960\" height=\"540\" src=\"https:\/\/www.youtube.com\/embed\/dZPLPkIJl_4?feature=oembed\" frameborder=\"0\" allow=\"accelerometer; autoplay; clipboard-write; encrypted-media; gyroscope; picture-in-picture; web-share\" referrerpolicy=\"strict-origin-when-cross-origin\" allowfullscreen><\/iframe>\n<\/div><figcaption class=\"wp-element-caption\">Solo violin<\/figcaption><\/figure>\n\n\n\n<div style=\"height:35px\" aria-hidden=\"true\" class=\"wp-block-spacer\"><\/div>\n\n\n\n<figure class=\"wp-block-embed is-type-video is-provider-youtube wp-block-embed-youtube wp-embed-aspect-16-9 wp-has-aspect-ratio\"><div class=\"wp-block-embed__wrapper\">\n<iframe loading=\"lazy\" title=\"Z\u00e1dory - Kehayova-Rozanova  play  Maxim Seloujanov L\u00f6wenzahn WEB\" width=\"960\" height=\"540\" src=\"https:\/\/www.youtube.com\/embed\/DDxKCcekKZ4?feature=oembed\" frameborder=\"0\" allow=\"accelerometer; autoplay; clipboard-write; encrypted-media; gyroscope; picture-in-picture; web-share\" referrerpolicy=\"strict-origin-when-cross-origin\" allowfullscreen><\/iframe>\n<\/div><figcaption class=\"wp-element-caption\">Chamber music<\/figcaption><\/figure>\n\n\n\n<div style=\"height:35px\" aria-hidden=\"true\" class=\"wp-block-spacer\"><\/div>\n\n\n\n<figure class=\"wp-block-embed is-type-video is-provider-youtube wp-block-embed-youtube wp-embed-aspect-16-9 wp-has-aspect-ratio\"><div class=\"wp-block-embed__wrapper\">\n<iframe loading=\"lazy\" title=\"\u00c8dua Z\u00e1dory plays Johanna Doderers  Violin concerto\" width=\"960\" height=\"540\" src=\"https:\/\/www.youtube.com\/embed\/0vdFu4ngxLM?feature=oembed\" frameborder=\"0\" allow=\"accelerometer; autoplay; clipboard-write; encrypted-media; gyroscope; picture-in-picture; web-share\" referrerpolicy=\"strict-origin-when-cross-origin\" allowfullscreen><\/iframe>\n<\/div><figcaption class=\"wp-element-caption\">Soloist with orchester:<\/figcaption><\/figure>\n\n\n\n<div style=\"height:35px\" aria-hidden=\"true\" class=\"wp-block-spacer\"><\/div>\n\n\n\n<figure class=\"wp-block-embed is-type-video is-provider-youtube wp-block-embed-youtube wp-embed-aspect-16-9 wp-has-aspect-ratio\"><div class=\"wp-block-embed__wrapper\">\n<iframe loading=\"lazy\" title=\"E\u0301dua Za\u0301dory &amp; Barbara Galante Auner CARNAVALITO XXI by Ana Leira Carnero\" width=\"960\" height=\"540\" src=\"https:\/\/www.youtube.com\/embed\/CDmiNblfk_U?feature=oembed\" frameborder=\"0\" allow=\"accelerometer; autoplay; clipboard-write; encrypted-media; gyroscope; picture-in-picture; web-share\" referrerpolicy=\"strict-origin-when-cross-origin\" allowfullscreen><\/iframe>\n<\/div><figcaption class=\"wp-element-caption\">2 violins<\/figcaption><\/figure>\n","protected":false},"excerpt":{"rendered":"<p>&lt;&lt; Back to Home Solo violin Solo violin Solo violin Recording for the asociaci\u00f3n Argentina de compositores with the violin player Barbara de Menezes Galante &#8211; Auner I&#8217;m very much interested in contemporary repertory. It means to me to descover new music which has never been played before or put such a great music pieces on the program that not often will be interpreted. Contemporary: Living composers (Kurt\u00e1g, Videla, Charbonnier, Quintela, Doderer,Schnelzer, Dragostinov, ,Borenstein,Seloujanov, Sande etc&#8230;)<\/p>\n","protected":false},"author":1,"featured_media":0,"parent":0,"menu_order":0,"comment_status":"closed","ping_status":"closed","template":"","meta":{"ngg_post_thumbnail":0},"_links":{"self":[{"href":"https:\/\/www.eduazadory.com\/cms\/wp-json\/wp\/v2\/pages\/2225"}],"collection":[{"href":"https:\/\/www.eduazadory.com\/cms\/wp-json\/wp\/v2\/pages"}],"about":[{"href":"https:\/\/www.eduazadory.com\/cms\/wp-json\/wp\/v2\/types\/page"}],"author":[{"embeddable":true,"href":"https:\/\/www.eduazadory.com\/cms\/wp-json\/wp\/v2\/users\/1"}],"replies":[{"embeddable":true,"href":"https:\/\/www.eduazadory.com\/cms\/wp-json\/wp\/v2\/comments?post=2225"}],"version-history":[{"count":20,"href":"https:\/\/www.eduazadory.com\/cms\/wp-json\/wp\/v2\/pages\/2225\/revisions"}],"predecessor-version":[{"id":2571,"href":"https:\/\/www.eduazadory.com\/cms\/wp-json\/wp\/v2\/pages\/2225\/revisions\/2571"}],"wp:attachment":[{"href":"https:\/\/www.eduazadory.com\/cms\/wp-json\/wp\/v2\/media?parent=2225"}],"curies":[{"name":"wp","href":"https:\/\/api.w.org\/{rel}","templated":true}]}}